{"id":7047,"date":"2024-06-22T18:10:40","date_gmt":"2024-06-22T16:10:40","guid":{"rendered":"https:\/\/prolac.cm\/site\/?page_id=7047"},"modified":"2024-06-27T14:11:24","modified_gmt":"2024-06-27T12:11:24","slug":"activites-realisees","status":"publish","type":"page","link":"https:\/\/prolac.cm\/en\/activites-realisees\/","title":{"rendered":"Activit\u00e9s R\u00e9alis\u00e9es"},"content":{"rendered":"<div data-elementor-type=\"wp-page\" data-elementor-id=\"7047\" class=\"elementor elementor-7047\" data-elementor-post-type=\"page\">\n\t\t\t\t\t\t<section class=\"elementor-section elementor-top-section elementor-element elementor-element-477f0b2b elementor-section-boxed elementor-section-height-default elementor-section-height-default\" data-id=\"477f0b2b\" data-element_type=\"section\">\n\t\t\t\t\t\t<div class=\"elementor-container elementor-column-gap-default\">\n\t\t\t\t\t<div class=\"elementor-column elementor-col-100 elementor-top-column elementor-element elementor-element-3ef8a8f7\" data-id=\"3ef8a8f7\" data-element_type=\"column\">\n\t\t\t<div class=\"elementor-widget-wrap elementor-element-populated\">\n\t\t\t\t\t\t<div class=\"elementor-element elementor-element-4245a7e elementor-widget__width-auto elementor-widget-tablet__width-inherit elementor-widget elementor-widget-heading\" data-id=\"4245a7e\" data-element_type=\"widget\" data-widget_type=\"heading.default\">\n\t\t\t\t<div class=\"elementor-widget-container\">\n\t\t\t<style>\/*! elementor - v3.22.0 - 17-06-2024 *\/\n.elementor-heading-title{padding:0;margin:0;line-height:1}.elementor-widget-heading .elementor-heading-title[class*=elementor-size-]>a{color:inherit;font-size:inherit;line-height:inherit}.elementor-widget-heading .elementor-heading-title.elementor-size-small{font-size:15px}.elementor-widget-heading .elementor-heading-title.elementor-size-medium{font-size:19px}.elementor-widget-heading .elementor-heading-title.elementor-size-large{font-size:29px}.elementor-widget-heading .elementor-heading-title.elementor-size-xl{font-size:39px}.elementor-widget-heading .elementor-heading-title.elementor-size-xxl{font-size:59px}<\/style><h2 class=\"elementor-heading-title elementor-size-default\">Activit\u00e9s r\u00e9alis\u00e9es<\/h2>\t\t<\/div>\n\t\t\t\t<\/div>\n\t\t\t\t<div class=\"elementor-element elementor-element-7d1af402 egovt-p-line-height-24 elementor-widget elementor-widget-text-editor\" data-id=\"7d1af402\" data-element_type=\"widget\" data-widget_type=\"text-editor.default\">\n\t\t\t\t<div class=\"elementor-widget-container\">\n\t\t\t<style>\/*! elementor - v3.22.0 - 17-06-2024 *\/\n.elementor-widget-text-editor.elementor-drop-cap-view-stacked .elementor-drop-cap{background-color:#69727d;color:#fff}.elementor-widget-text-editor.elementor-drop-cap-view-framed .elementor-drop-cap{color:#69727d;border:3px solid;background-color:transparent}.elementor-widget-text-editor:not(.elementor-drop-cap-view-default) .elementor-drop-cap{margin-top:8px}.elementor-widget-text-editor:not(.elementor-drop-cap-view-default) .elementor-drop-cap-letter{width:1em;height:1em}.elementor-widget-text-editor .elementor-drop-cap{float:left;text-align:center;line-height:1;font-size:50px}.elementor-widget-text-editor .elementor-drop-cap-letter{display:inline-block}<\/style>\t\t\t\t<p>For sustainable development in the Logone and Chari department<\/p>\t\t\t\t\t\t<\/div>\n\t\t\t\t<\/div>\n\t\t\t\t\t<\/div>\n\t\t<\/div>\n\t\t\t\t\t<\/div>\n\t\t<\/section>\n\t\t\t\t<section class=\"elementor-section elementor-top-section elementor-element elementor-element-576a1a8e elementor-section-full_width elementor-section-height-default elementor-section-height-default\" data-id=\"576a1a8e\" data-element_type=\"section\">\n\t\t\t\t\t\t<div class=\"elementor-container elementor-column-gap-default\">\n\t\t\t\t\t<div class=\"elementor-column elementor-col-100 elementor-top-column elementor-element elementor-element-712166d8\" data-id=\"712166d8\" data-element_type=\"column\">\n\t\t\t<div class=\"elementor-widget-wrap elementor-element-populated\">\n\t\t\t\t\t\t<div class=\"elementor-element elementor-element-2bbd656e elementor-widget elementor-widget-ova_archive_dep\" data-id=\"2bbd656e\" data-element_type=\"widget\" data-widget_type=\"ova_archive_dep.default\">\n\t\t\t\t<div class=\"elementor-widget-container\">\n\t\t\t\n\n<div class=\"ova_archive_dep archive_dep three_column\">\n\t<div class=\"content\">\n\t\t\n\t\t\t<div class=\"items elementor-items\">\n\t\t\t\t<div class=\"wp-item\">\n\t\t\t\t\n\t\t\t\t<div class=\"ova-media\">\n\t\t\t\t\t<a href=\"https:\/\/prolac.cm\/en\/ova_dep\/activites-de-visibilite-genre-dans-une-localite-dans-le-departement-du-logone-et-chari\/\">\n\t\t\t\t\t\t<img fetchpriority=\"high\" decoding=\"async\" width=\"1024\" height=\"768\" src=\"https:\/\/prolac.cm\/wp-content\/uploads\/2024\/06\/IMG-20231013-WA0064-Copie-1024x768.jpg\" class=\"img-responsive wp-post-image\" alt=\"\" srcset=\"https:\/\/prolac.cm\/wp-content\/uploads\/2024\/06\/IMG-20231013-WA0064-Copie-1024x768.jpg 1024w, https:\/\/prolac.cm\/wp-content\/uploads\/2024\/06\/IMG-20231013-WA0064-Copie-300x225.jpg 300w, https:\/\/prolac.cm\/wp-content\/uploads\/2024\/06\/IMG-20231013-WA0064-Copie-768x576.jpg 768w, https:\/\/prolac.cm\/wp-content\/uploads\/2024\/06\/IMG-20231013-WA0064-Copie-16x12.jpg 16w, https:\/\/prolac.cm\/wp-content\/uploads\/2024\/06\/IMG-20231013-WA0064-Copie-600x450.jpg 600w, https:\/\/prolac.cm\/wp-content\/uploads\/2024\/06\/IMG-20231013-WA0064-Copie-560x420.jpg 560w, https:\/\/prolac.cm\/wp-content\/uploads\/2024\/06\/IMG-20231013-WA0064-Copie.jpg 1080w\" sizes=\"(max-width: 1024px) 100vw, 1024px\" \/>\t\t\t\t\t<\/a>\n\t\t\t\t<\/div>\n\t\t\t\t<div class=\"ova-content\">\n\t\t\t\t\t\t\t\t\t\t\t<div class=\"icon\">\n\t\t\t\t\t\t\t<span>\n\t\t\t\t\t\t\t\t<i class=\"\"><\/i>\n\t\t\t\t\t\t\t<\/span>\n\t\t\t\t\t\t<\/div>\n\t\t\t\t\t\t\t\t\t\t\t\t\t\t\t<h2 class=\"title\">\n\t\t\t\t\t\t<a class=\"second_font\" href=\"https:\/\/prolac.cm\/en\/ova_dep\/activites-de-visibilite-genre-dans-une-localite-dans-le-departement-du-logone-et-chari\/\">\n\t\t\t\t\t\t\tActivit\u00e9s de visibilit\u00e9 genre dans une localit\u00e9 dans le d\u00e9partement du Logone et Chari\t\t\t\t\t\t<\/a>\n\t\t\t\t\t<\/h2>\n\t\t\t\t\t\t\t\t\t\t\t\t\t\t\t\t\t\t\t\t<a class=\"second_font readmore\" href=\"https:\/\/prolac.cm\/en\/ova_dep\/activites-de-visibilite-genre-dans-une-localite-dans-le-departement-du-logone-et-chari\/\" >\n\t\t\t\t\t\tRead More\t\t\t\t\t\t<i data-feather=\"arrow-right\"><\/i>\n\t\t\t\t\t<\/a>\n\t\t\t\t\t\t\t\t\t<\/div>\n\n\t\t\t\t<\/div>\n\t\t\t<\/div>\n\n\t\t\n\t\t\t<div class=\"items elementor-items\">\n\t\t\t\t<div class=\"wp-item\">\n\t\t\t\t\n\t\t\t\t<div class=\"ova-media\">\n\t\t\t\t\t<a href=\"https:\/\/prolac.cm\/en\/ova_dep\/formation-des-eleveurs-du-departement-du-logone-et-chari-sur-la-technique-de-culture-du-fourrage-hors-sol\/\">\n\t\t\t\t\t\t<img decoding=\"async\" width=\"1024\" height=\"768\" src=\"https:\/\/prolac.cm\/wp-content\/uploads\/2024\/06\/HS.jpg\" class=\"img-responsive wp-post-image\" alt=\"\" srcset=\"https:\/\/prolac.cm\/wp-content\/uploads\/2024\/06\/HS.jpg 1024w, https:\/\/prolac.cm\/wp-content\/uploads\/2024\/06\/HS-300x225.jpg 300w, https:\/\/prolac.cm\/wp-content\/uploads\/2024\/06\/HS-768x576.jpg 768w, https:\/\/prolac.cm\/wp-content\/uploads\/2024\/06\/HS-16x12.jpg 16w, https:\/\/prolac.cm\/wp-content\/uploads\/2024\/06\/HS-600x450.jpg 600w, https:\/\/prolac.cm\/wp-content\/uploads\/2024\/06\/HS-560x420.jpg 560w\" sizes=\"(max-width: 1024px) 100vw, 1024px\" \/>\t\t\t\t\t<\/a>\n\t\t\t\t<\/div>\n\t\t\t\t<div class=\"ova-content\">\n\t\t\t\t\t\t\t\t\t\t\t<div class=\"icon\">\n\t\t\t\t\t\t\t<span>\n\t\t\t\t\t\t\t\t<i class=\"\"><\/i>\n\t\t\t\t\t\t\t<\/span>\n\t\t\t\t\t\t<\/div>\n\t\t\t\t\t\t\t\t\t\t\t\t\t\t\t<h2 class=\"title\">\n\t\t\t\t\t\t<a class=\"second_font\" href=\"https:\/\/prolac.cm\/en\/ova_dep\/formation-des-eleveurs-du-departement-du-logone-et-chari-sur-la-technique-de-culture-du-fourrage-hors-sol\/\">\n\t\t\t\t\t\t\tFormation des \u00e9leveurs sur la technique de culture du fourrage hors sol\t\t\t\t\t\t<\/a>\n\t\t\t\t\t<\/h2>\n\t\t\t\t\t\t\t\t\t\t\t\t\t\t\t\t\t\t\t\t<a class=\"second_font readmore\" href=\"https:\/\/prolac.cm\/en\/ova_dep\/formation-des-eleveurs-du-departement-du-logone-et-chari-sur-la-technique-de-culture-du-fourrage-hors-sol\/\" >\n\t\t\t\t\t\tRead More\t\t\t\t\t\t<i data-feather=\"arrow-right\"><\/i>\n\t\t\t\t\t<\/a>\n\t\t\t\t\t\t\t\t\t<\/div>\n\n\t\t\t\t<\/div>\n\t\t\t<\/div>\n\n\t\t\n\t\t\t<div class=\"items elementor-items\">\n\t\t\t\t<div class=\"wp-item\">\n\t\t\t\t\n\t\t\t\t<div class=\"ova-media\">\n\t\t\t\t\t<a href=\"https:\/\/prolac.cm\/en\/ova_dep\/deuxieme-session-ordinaire-du-comite-technique-de-suivi-du-prolac\/\">\n\t\t\t\t\t\t<img decoding=\"async\" width=\"1024\" height=\"768\" src=\"https:\/\/prolac.cm\/wp-content\/uploads\/2024\/06\/pompe.jpg\" class=\"img-responsive wp-post-image\" alt=\"\" srcset=\"https:\/\/prolac.cm\/wp-content\/uploads\/2024\/06\/pompe.jpg 1024w, https:\/\/prolac.cm\/wp-content\/uploads\/2024\/06\/pompe-300x225.jpg 300w, https:\/\/prolac.cm\/wp-content\/uploads\/2024\/06\/pompe-768x576.jpg 768w, https:\/\/prolac.cm\/wp-content\/uploads\/2024\/06\/pompe-16x12.jpg 16w, https:\/\/prolac.cm\/wp-content\/uploads\/2024\/06\/pompe-600x450.jpg 600w, https:\/\/prolac.cm\/wp-content\/uploads\/2024\/06\/pompe-560x420.jpg 560w\" sizes=\"(max-width: 1024px) 100vw, 1024px\" \/>\t\t\t\t\t<\/a>\n\t\t\t\t<\/div>\n\t\t\t\t<div class=\"ova-content\">\n\t\t\t\t\t\t\t\t\t\t\t<div class=\"icon\">\n\t\t\t\t\t\t\t<span>\n\t\t\t\t\t\t\t\t<i class=\"\"><\/i>\n\t\t\t\t\t\t\t<\/span>\n\t\t\t\t\t\t<\/div>\n\t\t\t\t\t\t\t\t\t\t\t\t\t\t\t<h2 class=\"title\">\n\t\t\t\t\t\t<a class=\"second_font\" href=\"https:\/\/prolac.cm\/en\/ova_dep\/deuxieme-session-ordinaire-du-comite-technique-de-suivi-du-prolac\/\">\n\t\t\t\t\t\t\tDeuxi\u00e8me session ordinaire du comit\u00e9 technique de suivi du PROLAC\t\t\t\t\t\t<\/a>\n\t\t\t\t\t<\/h2>\n\t\t\t\t\t\t\t\t\t\t\t\t\t\t\t\t\t\t\t\t<a class=\"second_font readmore\" href=\"https:\/\/prolac.cm\/en\/ova_dep\/deuxieme-session-ordinaire-du-comite-technique-de-suivi-du-prolac\/\" >\n\t\t\t\t\t\tRead More\t\t\t\t\t\t<i data-feather=\"arrow-right\"><\/i>\n\t\t\t\t\t<\/a>\n\t\t\t\t\t\t\t\t\t<\/div>\n\n\t\t\t\t<\/div>\n\t\t\t<\/div>\n\n\t\t\n\t\t\t<div class=\"items elementor-items\">\n\t\t\t\t<div class=\"wp-item\">\n\t\t\t\t\n\t\t\t\t<div class=\"ova-media\">\n\t\t\t\t\t<a href=\"https:\/\/prolac.cm\/en\/ova_dep\/distribution-des-motopompes-a-haut-debit-aux-organisations-de-producteurs-du-departement-du-logone-et-chari\/\">\n\t\t\t\t\t\t<img decoding=\"async\" width=\"1024\" height=\"768\" src=\"https:\/\/prolac.cm\/wp-content\/uploads\/2024\/06\/pompe.jpg\" class=\"img-responsive wp-post-image\" alt=\"\" srcset=\"https:\/\/prolac.cm\/wp-content\/uploads\/2024\/06\/pompe.jpg 1024w, https:\/\/prolac.cm\/wp-content\/uploads\/2024\/06\/pompe-300x225.jpg 300w, https:\/\/prolac.cm\/wp-content\/uploads\/2024\/06\/pompe-768x576.jpg 768w, https:\/\/prolac.cm\/wp-content\/uploads\/2024\/06\/pompe-16x12.jpg 16w, https:\/\/prolac.cm\/wp-content\/uploads\/2024\/06\/pompe-600x450.jpg 600w, https:\/\/prolac.cm\/wp-content\/uploads\/2024\/06\/pompe-560x420.jpg 560w\" sizes=\"(max-width: 1024px) 100vw, 1024px\" \/>\t\t\t\t\t<\/a>\n\t\t\t\t<\/div>\n\t\t\t\t<div class=\"ova-content\">\n\t\t\t\t\t\t\t\t\t\t\t<div class=\"icon\">\n\t\t\t\t\t\t\t<span>\n\t\t\t\t\t\t\t\t<i class=\"icon-Category\"><\/i>\n\t\t\t\t\t\t\t<\/span>\n\t\t\t\t\t\t<\/div>\n\t\t\t\t\t\t\t\t\t\t\t\t\t\t\t<h2 class=\"title\">\n\t\t\t\t\t\t<a class=\"second_font\" href=\"https:\/\/prolac.cm\/en\/ova_dep\/distribution-des-motopompes-a-haut-debit-aux-organisations-de-producteurs-du-departement-du-logone-et-chari\/\">\n\t\t\t\t\t\t\tDistribution des motopompes \u00e0 haut d\u00e9bit aux organisations de producteurs du D\u00e9partement du Logone et Chari\t\t\t\t\t\t<\/a>\n\t\t\t\t\t<\/h2>\n\t\t\t\t\t\t\t\t\t\t\t\t\t\t\t\t\t\t\t\t<a class=\"second_font readmore\" href=\"https:\/\/prolac.cm\/en\/ova_dep\/distribution-des-motopompes-a-haut-debit-aux-organisations-de-producteurs-du-departement-du-logone-et-chari\/\" >\n\t\t\t\t\t\tRead More\t\t\t\t\t\t<i data-feather=\"arrow-right\"><\/i>\n\t\t\t\t\t<\/a>\n\t\t\t\t\t\t\t\t\t<\/div>\n\n\t\t\t\t<\/div>\n\t\t\t<\/div>\n\n\t\t\t<\/div>\n\n\n\n<\/div>\n\n\n\t\t<\/div>\n\t\t\t\t<\/div>\n\t\t\t\t\t<\/div>\n\t\t<\/div>\n\t\t\t\t\t<\/div>\n\t\t<\/section>\n\t\t\t\t<\/div>","protected":false},"excerpt":{"rendered":"<p>Activit\u00e9s r\u00e9alis\u00e9es Pour un d\u00e9veloppement durable dans le d\u00e9partement du Logone et Chari Activit\u00e9s de visibilit\u00e9 genre Lire la suite Formation Des \u00c9leveurs Du D\u00e9partement Du Logone Et Chari Sur La Technique De Culture Du Fourrage Hors Sol Lire la suite Deuxi\u00e8me Session Ordinaire Du Comit\u00e9 Technique De Suivi Du PROLAC Lire la suite Distribution [&hellip;]<\/p>","protected":false},"author":1,"featured_media":6898,"parent":0,"menu_order":0,"comment_status":"closed","ping_status":"closed","template":"","meta":{"_monsterinsights_skip_tracking":false,"_monsterinsights_sitenote_active":false,"_monsterinsights_sitenote_note":"","_monsterinsights_sitenote_category":0,"footnotes":""},"class_list":["post-7047","page","type-page","status-publish","has-post-thumbnail","hentry"],"aioseo_notices":[],"_links":{"self":[{"href":"https:\/\/prolac.cm\/en\/wp-json\/wp\/v2\/pages\/7047","targetHints":{"allow":["GET"]}}],"collection":[{"href":"https:\/\/prolac.cm\/en\/wp-json\/wp\/v2\/pages"}],"about":[{"href":"https:\/\/prolac.cm\/en\/wp-json\/wp\/v2\/types\/page"}],"author":[{"embeddable":true,"href":"https:\/\/prolac.cm\/en\/wp-json\/wp\/v2\/users\/1"}],"replies":[{"embeddable":true,"href":"https:\/\/prolac.cm\/en\/wp-json\/wp\/v2\/comments?post=7047"}],"version-history":[{"count":13,"href":"https:\/\/prolac.cm\/en\/wp-json\/wp\/v2\/pages\/7047\/revisions"}],"predecessor-version":[{"id":7744,"href":"https:\/\/prolac.cm\/en\/wp-json\/wp\/v2\/pages\/7047\/revisions\/7744"}],"wp:featuredmedia":[{"embeddable":true,"href":"https:\/\/prolac.cm\/en\/wp-json\/wp\/v2\/media\/6898"}],"wp:attachment":[{"href":"https:\/\/prolac.cm\/en\/wp-json\/wp\/v2\/media?parent=7047"}],"curies":[{"name":"wp","href":"https:\/\/api.w.org\/{rel}","templated":true}]}}