{"id":7055,"date":"2024-06-22T18:14:28","date_gmt":"2024-06-22T16:14:28","guid":{"rendered":"https:\/\/prolac.cm\/site\/?page_id=7055"},"modified":"2024-06-27T14:10:04","modified_gmt":"2024-06-27T12:10:04","slug":"activites-envisagees","status":"publish","type":"page","link":"https:\/\/prolac.cm\/en\/activites-envisagees\/","title":{"rendered":"Activit\u00e9s Envisag\u00e9es"},"content":{"rendered":"<div data-elementor-type=\"wp-page\" data-elementor-id=\"7055\" class=\"elementor elementor-7055\" data-elementor-post-type=\"page\">\n\t\t\t\t\t\t<section class=\"elementor-section elementor-top-section elementor-element elementor-element-4f8d42c7 elementor-section-boxed elementor-section-height-default elementor-section-height-default\" data-id=\"4f8d42c7\" data-element_type=\"section\">\n\t\t\t\t\t\t<div class=\"elementor-container elementor-column-gap-default\">\n\t\t\t\t\t<div class=\"elementor-column elementor-col-100 elementor-top-column elementor-element elementor-element-6a08e04c\" data-id=\"6a08e04c\" data-element_type=\"column\">\n\t\t\t<div class=\"elementor-widget-wrap elementor-element-populated\">\n\t\t\t\t\t\t<div class=\"elementor-element elementor-element-7b18ec51 elementor-widget__width-auto elementor-widget-tablet__width-inherit elementor-widget elementor-widget-heading\" data-id=\"7b18ec51\" data-element_type=\"widget\" data-widget_type=\"heading.default\">\n\t\t\t\t<div class=\"elementor-widget-container\">\n\t\t\t<style>\/*! elementor - v3.22.0 - 17-06-2024 *\/\n.elementor-heading-title{padding:0;margin:0;line-height:1}.elementor-widget-heading .elementor-heading-title[class*=elementor-size-]>a{color:inherit;font-size:inherit;line-height:inherit}.elementor-widget-heading .elementor-heading-title.elementor-size-small{font-size:15px}.elementor-widget-heading .elementor-heading-title.elementor-size-medium{font-size:19px}.elementor-widget-heading .elementor-heading-title.elementor-size-large{font-size:29px}.elementor-widget-heading .elementor-heading-title.elementor-size-xl{font-size:39px}.elementor-widget-heading .elementor-heading-title.elementor-size-xxl{font-size:59px}<\/style><h2 class=\"elementor-heading-title elementor-size-default\">Activit\u00e9s Envisag\u00e9es<\/h2>\t\t<\/div>\n\t\t\t\t<\/div>\n\t\t\t\t<div class=\"elementor-element elementor-element-6a0270fd egovt-p-line-height-24 elementor-widget elementor-widget-text-editor\" data-id=\"6a0270fd\" data-element_type=\"widget\" data-widget_type=\"text-editor.default\">\n\t\t\t\t<div class=\"elementor-widget-container\">\n\t\t\t<style>\/*! elementor - v3.22.0 - 17-06-2024 *\/\n.elementor-widget-text-editor.elementor-drop-cap-view-stacked .elementor-drop-cap{background-color:#69727d;color:#fff}.elementor-widget-text-editor.elementor-drop-cap-view-framed .elementor-drop-cap{color:#69727d;border:3px solid;background-color:transparent}.elementor-widget-text-editor:not(.elementor-drop-cap-view-default) .elementor-drop-cap{margin-top:8px}.elementor-widget-text-editor:not(.elementor-drop-cap-view-default) .elementor-drop-cap-letter{width:1em;height:1em}.elementor-widget-text-editor .elementor-drop-cap{float:left;text-align:center;line-height:1;font-size:50px}.elementor-widget-text-editor .elementor-drop-cap-letter{display:inline-block}<\/style>\t\t\t\t<p>For sustainable development in the Logone and Chari department<\/p>\t\t\t\t\t\t<\/div>\n\t\t\t\t<\/div>\n\t\t\t\t\t<\/div>\n\t\t<\/div>\n\t\t\t\t\t<\/div>\n\t\t<\/section>\n\t\t\t\t<section class=\"elementor-section elementor-top-section elementor-element elementor-element-9732731 elementor-section-full_width elementor-section-height-default elementor-section-height-default\" data-id=\"9732731\" data-element_type=\"section\">\n\t\t\t\t\t\t<div class=\"elementor-container elementor-column-gap-default\">\n\t\t\t\t\t<div class=\"elementor-column elementor-col-100 elementor-top-column elementor-element elementor-element-3120be00\" data-id=\"3120be00\" data-element_type=\"column\">\n\t\t\t<div class=\"elementor-widget-wrap elementor-element-populated\">\n\t\t\t\t\t\t<div class=\"elementor-element elementor-element-7b535a6d elementor-widget elementor-widget-ova_archive_dep\" data-id=\"7b535a6d\" data-element_type=\"widget\" data-widget_type=\"ova_archive_dep.default\">\n\t\t\t\t<div class=\"elementor-widget-container\">\n\t\t\t\n\n<div class=\"ova_archive_dep archive_dep three_column\">\n\t<div class=\"content\">\n\t\t\n\t\t\t<div class=\"items elementor-items\">\n\t\t\t\t<div class=\"wp-item\">\n\t\t\t\t\n\t\t\t\t<div class=\"ova-media\">\n\t\t\t\t\t<a href=\"https:\/\/prolac.cm\/en\/ova_dep\/des-bourses-detudes-prolac-pour-les-etudiants-de-luniversite-de-maroua-de-lirad-et-du-cedc\/\">\n\t\t\t\t\t\t<img fetchpriority=\"high\" decoding=\"async\" width=\"1024\" height=\"768\" src=\"https:\/\/prolac.cm\/wp-content\/uploads\/2024\/06\/444-1024x768.png\" class=\"img-responsive wp-post-image\" alt=\"\" srcset=\"https:\/\/prolac.cm\/wp-content\/uploads\/2024\/06\/444-1024x768.png 1024w, https:\/\/prolac.cm\/wp-content\/uploads\/2024\/06\/444-300x225.png 300w, https:\/\/prolac.cm\/wp-content\/uploads\/2024\/06\/444-768x576.png 768w, https:\/\/prolac.cm\/wp-content\/uploads\/2024\/06\/444-1536x1152.png 1536w, https:\/\/prolac.cm\/wp-content\/uploads\/2024\/06\/444-2048x1536.png 2048w, https:\/\/prolac.cm\/wp-content\/uploads\/2024\/06\/444-16x12.png 16w, https:\/\/prolac.cm\/wp-content\/uploads\/2024\/06\/444-600x450.png 600w, https:\/\/prolac.cm\/wp-content\/uploads\/2024\/06\/444-560x420.png 560w\" sizes=\"(max-width: 1024px) 100vw, 1024px\" \/>\t\t\t\t\t<\/a>\n\t\t\t\t<\/div>\n\t\t\t\t<div class=\"ova-content\">\n\t\t\t\t\t\t\t\t\t\t\t<div class=\"icon\">\n\t\t\t\t\t\t\t<span>\n\t\t\t\t\t\t\t\t<i class=\"icon-Category\"><\/i>\n\t\t\t\t\t\t\t<\/span>\n\t\t\t\t\t\t<\/div>\n\t\t\t\t\t\t\t\t\t\t\t\t\t\t\t<h2 class=\"title\">\n\t\t\t\t\t\t<a class=\"second_font\" href=\"https:\/\/prolac.cm\/en\/ova_dep\/des-bourses-detudes-prolac-pour-les-etudiants-de-luniversite-de-maroua-de-lirad-et-du-cedc\/\">\n\t\t\t\t\t\t\tDes bourses d\u2019\u00e9tudes PROLAC pour les \u00e9tudiants de L\u2019universit\u00e9 de Maroua, de L\u2019IRAD et du CEDC\t\t\t\t\t\t<\/a>\n\t\t\t\t\t<\/h2>\n\t\t\t\t\t\t\t\t\t\t\t\t\t\t\t\t\t\t\t\t<a class=\"second_font readmore\" href=\"https:\/\/prolac.cm\/en\/ova_dep\/des-bourses-detudes-prolac-pour-les-etudiants-de-luniversite-de-maroua-de-lirad-et-du-cedc\/\" >\n\t\t\t\t\t\tRead More\t\t\t\t\t\t<i data-feather=\"arrow-right\"><\/i>\n\t\t\t\t\t<\/a>\n\t\t\t\t\t\t\t\t\t<\/div>\n\n\t\t\t\t<\/div>\n\t\t\t<\/div>\n\n\t\t\n\t\t\t<div class=\"items elementor-items\">\n\t\t\t\t<div class=\"wp-item\">\n\t\t\t\t\n\t\t\t\t<div class=\"ova-media\">\n\t\t\t\t\t<a href=\"https:\/\/prolac.cm\/en\/ova_dep\/des-equipements-agricoles-a-la-disposition-des-organisations-de-producteurs\/\">\n\t\t\t\t\t\t<img decoding=\"async\" width=\"1024\" height=\"768\" src=\"https:\/\/prolac.cm\/wp-content\/uploads\/2024\/06\/moto.jpg\" class=\"img-responsive wp-post-image\" alt=\"\" srcset=\"https:\/\/prolac.cm\/wp-content\/uploads\/2024\/06\/moto.jpg 1024w, https:\/\/prolac.cm\/wp-content\/uploads\/2024\/06\/moto-300x225.jpg 300w, https:\/\/prolac.cm\/wp-content\/uploads\/2024\/06\/moto-768x576.jpg 768w, https:\/\/prolac.cm\/wp-content\/uploads\/2024\/06\/moto-16x12.jpg 16w, https:\/\/prolac.cm\/wp-content\/uploads\/2024\/06\/moto-600x450.jpg 600w, https:\/\/prolac.cm\/wp-content\/uploads\/2024\/06\/moto-560x420.jpg 560w\" sizes=\"(max-width: 1024px) 100vw, 1024px\" \/>\t\t\t\t\t<\/a>\n\t\t\t\t<\/div>\n\t\t\t\t<div class=\"ova-content\">\n\t\t\t\t\t\t\t\t\t\t\t<div class=\"icon\">\n\t\t\t\t\t\t\t<span>\n\t\t\t\t\t\t\t\t<i class=\"\"><\/i>\n\t\t\t\t\t\t\t<\/span>\n\t\t\t\t\t\t<\/div>\n\t\t\t\t\t\t\t\t\t\t\t\t\t\t\t<h2 class=\"title\">\n\t\t\t\t\t\t<a class=\"second_font\" href=\"https:\/\/prolac.cm\/en\/ova_dep\/des-equipements-agricoles-a-la-disposition-des-organisations-de-producteurs\/\">\n\t\t\t\t\t\t\tDes \u00e9quipements agricoles \u00e0 la disposition des organisations de producteurs\t\t\t\t\t\t<\/a>\n\t\t\t\t\t<\/h2>\n\t\t\t\t\t\t\t\t\t\t\t\t\t\t\t\t\t\t\t\t<a class=\"second_font readmore\" href=\"https:\/\/prolac.cm\/en\/ova_dep\/des-equipements-agricoles-a-la-disposition-des-organisations-de-producteurs\/\" >\n\t\t\t\t\t\tRead More\t\t\t\t\t\t<i data-feather=\"arrow-right\"><\/i>\n\t\t\t\t\t<\/a>\n\t\t\t\t\t\t\t\t\t<\/div>\n\n\t\t\t\t<\/div>\n\t\t\t<\/div>\n\n\t\t\n\t\t\t<div class=\"items elementor-items\">\n\t\t\t\t<div class=\"wp-item\">\n\t\t\t\t\n\t\t\t\t<div class=\"ova-media\">\n\t\t\t\t\t<a href=\"https:\/\/prolac.cm\/en\/ova_dep\/information-et-sensibilisation-sur-le-mecanisme-de-gestion-des-plaintes-mgp-et-le-code-de-bonne-conduite\/\">\n\t\t\t\t\t\t<img decoding=\"async\" width=\"1024\" height=\"768\" src=\"https:\/\/prolac.cm\/wp-content\/uploads\/2024\/06\/222-1024x768.png\" class=\"img-responsive wp-post-image\" alt=\"\" srcset=\"https:\/\/prolac.cm\/wp-content\/uploads\/2024\/06\/222-1024x768.png 1024w, https:\/\/prolac.cm\/wp-content\/uploads\/2024\/06\/222-300x225.png 300w, https:\/\/prolac.cm\/wp-content\/uploads\/2024\/06\/222-768x576.png 768w, https:\/\/prolac.cm\/wp-content\/uploads\/2024\/06\/222-1536x1152.png 1536w, https:\/\/prolac.cm\/wp-content\/uploads\/2024\/06\/222-2048x1536.png 2048w, https:\/\/prolac.cm\/wp-content\/uploads\/2024\/06\/222-16x12.png 16w, https:\/\/prolac.cm\/wp-content\/uploads\/2024\/06\/222-600x450.png 600w, https:\/\/prolac.cm\/wp-content\/uploads\/2024\/06\/222-560x420.png 560w\" sizes=\"(max-width: 1024px) 100vw, 1024px\" \/>\t\t\t\t\t<\/a>\n\t\t\t\t<\/div>\n\t\t\t\t<div class=\"ova-content\">\n\t\t\t\t\t\t\t\t\t\t\t<div class=\"icon\">\n\t\t\t\t\t\t\t<span>\n\t\t\t\t\t\t\t\t<i class=\"\"><\/i>\n\t\t\t\t\t\t\t<\/span>\n\t\t\t\t\t\t<\/div>\n\t\t\t\t\t\t\t\t\t\t\t\t\t\t\t<h2 class=\"title\">\n\t\t\t\t\t\t<a class=\"second_font\" href=\"https:\/\/prolac.cm\/en\/ova_dep\/information-et-sensibilisation-sur-le-mecanisme-de-gestion-des-plaintes-mgp-et-le-code-de-bonne-conduite\/\">\n\t\t\t\t\t\t\tInformation et sensibilisation sur le m\u00e9canisme de gestion des plaintes (MGP) et le code de bonne conduite\t\t\t\t\t\t<\/a>\n\t\t\t\t\t<\/h2>\n\t\t\t\t\t\t\t\t\t\t\t\t\t\t\t\t\t\t\t\t<a class=\"second_font readmore\" href=\"https:\/\/prolac.cm\/en\/ova_dep\/information-et-sensibilisation-sur-le-mecanisme-de-gestion-des-plaintes-mgp-et-le-code-de-bonne-conduite\/\" >\n\t\t\t\t\t\tRead More\t\t\t\t\t\t<i data-feather=\"arrow-right\"><\/i>\n\t\t\t\t\t<\/a>\n\t\t\t\t\t\t\t\t\t<\/div>\n\n\t\t\t\t<\/div>\n\t\t\t<\/div>\n\n\t\t\t<\/div>\n\n\n\n<\/div>\n\n\n\t\t<\/div>\n\t\t\t\t<\/div>\n\t\t\t\t\t<\/div>\n\t\t<\/div>\n\t\t\t\t\t<\/div>\n\t\t<\/section>\n\t\t\t\t<\/div>","protected":false},"excerpt":{"rendered":"<p>Activit\u00e9s Envisag\u00e9es Pour un d\u00e9veloppement durable dans le d\u00e9partement du Logone et Chari Des Bourses D\u2019\u00e9tudes PROLAC Pour Les \u00c9tudiants De L\u2019Universit\u00e9 De Maroua, De L\u2019IRAD Et Du CEDC Lire la suite Des \u00c9quipements Agricoles \u00c0 La Disposition Des Organisations De Producteurs Lire la suite Information Et Sensibilisation Sur Le M\u00e9canisme De Gestion Des Plaintes [&hellip;]<\/p>","protected":false},"author":1,"featured_media":6898,"parent":0,"menu_order":0,"comment_status":"closed","ping_status":"closed","template":"","meta":{"_monsterinsights_skip_tracking":false,"_monsterinsights_sitenote_active":false,"_monsterinsights_sitenote_note":"","_monsterinsights_sitenote_category":0,"footnotes":""},"class_list":["post-7055","page","type-page","status-publish","has-post-thumbnail","hentry"],"aioseo_notices":[],"_links":{"self":[{"href":"https:\/\/prolac.cm\/en\/wp-json\/wp\/v2\/pages\/7055","targetHints":{"allow":["GET"]}}],"collection":[{"href":"https:\/\/prolac.cm\/en\/wp-json\/wp\/v2\/pages"}],"about":[{"href":"https:\/\/prolac.cm\/en\/wp-json\/wp\/v2\/types\/page"}],"author":[{"embeddable":true,"href":"https:\/\/prolac.cm\/en\/wp-json\/wp\/v2\/users\/1"}],"replies":[{"embeddable":true,"href":"https:\/\/prolac.cm\/en\/wp-json\/wp\/v2\/comments?post=7055"}],"version-history":[{"count":7,"href":"https:\/\/prolac.cm\/en\/wp-json\/wp\/v2\/pages\/7055\/revisions"}],"predecessor-version":[{"id":7738,"href":"https:\/\/prolac.cm\/en\/wp-json\/wp\/v2\/pages\/7055\/revisions\/7738"}],"wp:featuredmedia":[{"embeddable":true,"href":"https:\/\/prolac.cm\/en\/wp-json\/wp\/v2\/media\/6898"}],"wp:attachment":[{"href":"https:\/\/prolac.cm\/en\/wp-json\/wp\/v2\/media?parent=7055"}],"curies":[{"name":"wp","href":"https:\/\/api.w.org\/{rel}","templated":true}]}}