{"id":7129,"date":"2024-06-23T12:30:45","date_gmt":"2024-06-23T10:30:45","guid":{"rendered":"https:\/\/prolac.cm\/site\/?page_id=7129"},"modified":"2024-06-24T17:04:12","modified_gmt":"2024-06-24T15:04:12","slug":"zone-dintervention","status":"publish","type":"page","link":"https:\/\/prolac.cm\/en\/zone-dintervention\/","title":{"rendered":"Zone d&rsquo;intervention"},"content":{"rendered":"<div data-elementor-type=\"wp-page\" data-elementor-id=\"7129\" class=\"elementor elementor-7129\" data-elementor-post-type=\"page\">\n\t\t\t\t\t\t<section class=\"elementor-section elementor-top-section elementor-element elementor-element-4e3760dc elementor-section-boxed elementor-section-height-default elementor-section-height-default\" data-id=\"4e3760dc\" data-element_type=\"section\" data-settings=\"{&quot;background_background&quot;:&quot;classic&quot;}\">\n\t\t\t\t\t\t<div class=\"elementor-container elementor-column-gap-default\">\n\t\t\t\t\t<div class=\"elementor-column elementor-col-100 elementor-top-column elementor-element elementor-element-36e544bd\" data-id=\"36e544bd\" data-element_type=\"column\">\n\t\t\t<div class=\"elementor-widget-wrap elementor-element-populated\">\n\t\t\t\t\t\t<div class=\"elementor-element elementor-element-4bef4668 elementor-widget__width-auto elementor-widget-tablet__width-inherit elementor-widget elementor-widget-heading\" data-id=\"4bef4668\" data-element_type=\"widget\" data-widget_type=\"heading.default\">\n\t\t\t\t<div class=\"elementor-widget-container\">\n\t\t\t<style>\/*! elementor - v3.22.0 - 17-06-2024 *\/\n.elementor-heading-title{padding:0;margin:0;line-height:1}.elementor-widget-heading .elementor-heading-title[class*=elementor-size-]>a{color:inherit;font-size:inherit;line-height:inherit}.elementor-widget-heading .elementor-heading-title.elementor-size-small{font-size:15px}.elementor-widget-heading .elementor-heading-title.elementor-size-medium{font-size:19px}.elementor-widget-heading .elementor-heading-title.elementor-size-large{font-size:29px}.elementor-widget-heading .elementor-heading-title.elementor-size-xl{font-size:39px}.elementor-widget-heading .elementor-heading-title.elementor-size-xxl{font-size:59px}<\/style><h2 class=\"elementor-heading-title elementor-size-default\">Zone d'intervention du Prolac<\/h2>\t\t<\/div>\n\t\t\t\t<\/div>\n\t\t\t\t<div class=\"elementor-element elementor-element-330f9d8e egovt-p-line-height-24 elementor-widget elementor-widget-text-editor\" data-id=\"330f9d8e\" data-element_type=\"widget\" data-widget_type=\"text-editor.default\">\n\t\t\t\t<div class=\"elementor-widget-container\">\n\t\t\t<style>\/*! elementor - v3.22.0 - 17-06-2024 *\/\n.elementor-widget-text-editor.elementor-drop-cap-view-stacked .elementor-drop-cap{background-color:#69727d;color:#fff}.elementor-widget-text-editor.elementor-drop-cap-view-framed .elementor-drop-cap{color:#69727d;border:3px solid;background-color:transparent}.elementor-widget-text-editor:not(.elementor-drop-cap-view-default) .elementor-drop-cap{margin-top:8px}.elementor-widget-text-editor:not(.elementor-drop-cap-view-default) .elementor-drop-cap-letter{width:1em;height:1em}.elementor-widget-text-editor .elementor-drop-cap{float:left;text-align:center;line-height:1;font-size:50px}.elementor-widget-text-editor .elementor-drop-cap-letter{display:inline-block}<\/style>\t\t\t\t<p>For sustainable development in the Logone and Chari department<\/p>\t\t\t\t\t\t<\/div>\n\t\t\t\t<\/div>\n\t\t\t\t\t<\/div>\n\t\t<\/div>\n\t\t\t\t\t<\/div>\n\t\t<\/section>\n\t\t\t\t<section class=\"elementor-section elementor-top-section elementor-element elementor-element-45f6293b elementor-section-boxed elementor-section-height-default elementor-section-height-default\" data-id=\"45f6293b\" data-element_type=\"section\">\n\t\t\t\t\t\t<div class=\"elementor-container elementor-column-gap-default\">\n\t\t\t\t\t<div class=\"elementor-column elementor-col-100 elementor-top-column elementor-element elementor-element-1da447ed\" data-id=\"1da447ed\" data-element_type=\"column\">\n\t\t\t<div class=\"elementor-widget-wrap elementor-element-populated\">\n\t\t\t\t\t\t<div class=\"elementor-element elementor-element-75ea0a19 elementor-widget elementor-widget-image\" data-id=\"75ea0a19\" data-element_type=\"widget\" data-widget_type=\"image.default\">\n\t\t\t\t<div class=\"elementor-widget-container\">\n\t\t\t<style>\/*! elementor - v3.22.0 - 17-06-2024 *\/\n.elementor-widget-image{text-align:center}.elementor-widget-image a{display:inline-block}.elementor-widget-image a img[src$=\".svg\"]{width:48px}.elementor-widget-image img{vertical-align:middle;display:inline-block}<\/style>\t\t\t\t\t\t\t\t\t\t<img fetchpriority=\"high\" decoding=\"async\" width=\"1536\" height=\"798\" src=\"https:\/\/prolac.cm\/wp-content\/uploads\/2024\/06\/LOGONE-ET-CAHRI-1536x798.jpg\" class=\"attachment-1536x1536 size-1536x1536 wp-image-7152\" alt=\"\" srcset=\"https:\/\/prolac.cm\/wp-content\/uploads\/2024\/06\/LOGONE-ET-CAHRI-1536x798.jpg 1536w, https:\/\/prolac.cm\/wp-content\/uploads\/2024\/06\/LOGONE-ET-CAHRI-300x156.jpg 300w, https:\/\/prolac.cm\/wp-content\/uploads\/2024\/06\/LOGONE-ET-CAHRI-1024x532.jpg 1024w, https:\/\/prolac.cm\/wp-content\/uploads\/2024\/06\/LOGONE-ET-CAHRI-768x399.jpg 768w, https:\/\/prolac.cm\/wp-content\/uploads\/2024\/06\/LOGONE-ET-CAHRI-18x9.jpg 18w, https:\/\/prolac.cm\/wp-content\/uploads\/2024\/06\/LOGONE-ET-CAHRI-600x312.jpg 600w, https:\/\/prolac.cm\/wp-content\/uploads\/2024\/06\/LOGONE-ET-CAHRI-560x291.jpg 560w, https:\/\/prolac.cm\/wp-content\/uploads\/2024\/06\/LOGONE-ET-CAHRI.jpg 1646w\" sizes=\"(max-width: 1536px) 100vw, 1536px\" \/>\t\t\t\t\t\t\t\t\t\t\t\t\t<\/div>\n\t\t\t\t<\/div>\n\t\t\t\t\t<\/div>\n\t\t<\/div>\n\t\t\t\t\t<\/div>\n\t\t<\/section>\n\t\t\t\t<section class=\"elementor-section elementor-top-section elementor-element elementor-element-2d2ee7a elementor-section-boxed elementor-section-height-default elementor-section-height-default\" data-id=\"2d2ee7a\" data-element_type=\"section\" data-settings=\"{&quot;background_background&quot;:&quot;classic&quot;}\">\n\t\t\t\t\t\t<div class=\"elementor-container elementor-column-gap-default\">\n\t\t\t\t\t<div class=\"elementor-column elementor-col-100 elementor-top-column elementor-element elementor-element-43e2390\" data-id=\"43e2390\" data-element_type=\"column\">\n\t\t\t<div class=\"elementor-widget-wrap elementor-element-populated\">\n\t\t\t\t\t\t<div class=\"elementor-element elementor-element-10d3e6f elementor-widget__width-auto elementor-widget-tablet__width-inherit elementor-widget elementor-widget-heading\" data-id=\"10d3e6f\" data-element_type=\"widget\" data-widget_type=\"heading.default\">\n\t\t\t\t<div class=\"elementor-widget-container\">\n\t\t\t<h2 class=\"elementor-heading-title elementor-size-default\">Communes de D\u00e9partement \ndu Logone et Chari<\/h2>\t\t<\/div>\n\t\t\t\t<\/div>\n\t\t\t\t<div class=\"elementor-element elementor-element-f611454 egovt-p-line-height-24 elementor-widget elementor-widget-text-editor\" data-id=\"f611454\" data-element_type=\"widget\" data-widget_type=\"text-editor.default\">\n\t\t\t\t<div class=\"elementor-widget-container\">\n\t\t\t\t\t\t\t<p>For sustainable development in the Logone and Chari department<\/p>\t\t\t\t\t\t<\/div>\n\t\t\t\t<\/div>\n\t\t\t\t\t<\/div>\n\t\t<\/div>\n\t\t\t\t\t<\/div>\n\t\t<\/section>\n\t\t\t\t<section class=\"elementor-section elementor-top-section elementor-element elementor-element-bbe381e elementor-section-boxed elementor-section-height-default elementor-section-height-default\" data-id=\"bbe381e\" data-element_type=\"section\" data-settings=\"{&quot;background_background&quot;:&quot;classic&quot;}\">\n\t\t\t\t\t\t<div class=\"elementor-container elementor-column-gap-default\">\n\t\t\t\t\t<div class=\"elementor-column elementor-col-100 elementor-top-column elementor-element elementor-element-e7aa720\" data-id=\"e7aa720\" data-element_type=\"column\">\n\t\t\t<div class=\"elementor-widget-wrap elementor-element-populated\">\n\t\t\t\t\t\t<div class=\"elementor-element elementor-element-2c51313 elementor-widget elementor-widget-ova_archive_sev\" data-id=\"2c51313\" data-element_type=\"widget\" data-widget_type=\"ova_archive_sev.default\">\n\t\t\t\t<div class=\"elementor-widget-container\">\n\t\t\t\n\n<div class=\"ova_archive_sev archive_sev three_column\">\n\t<div class=\"content\">\n\t\t<div class=\"wp-content\">\n\t\t\n\t\t\t<div class=\"items elementor-items\">\n\t\t\t\t<div class=\"wp-items\">\n\t\t\t\t\n\t\t\t\t\t\t\t\t\t<div class=\"icon\">\n\t\t\t\t\t\t<span class=\"fas fa-arrow-alt-circle-right\"><\/span>\n\t\t\t\t\t<\/div>\n\t\t\t\t\t\n\t\t\t\t\t\t\t\t\t\t\t<h3 class=\"title\">\n\t\t\t\t\t\t\t<a class=\"second_font\" href=\"https:\/\/prolac.cm\/en\/ova_sev\/kousseri\/\">\n\t\t\t\t\t\t\t\tKouss\u00e9ri\t\t\t\t\t\t\t<\/a>\n\t\t\t\t\t\t<\/h3>\n\t\t\t\t\t\n\t\t\t\t\t<div class=\"content-sub\">\n\t\t\t\t\t\t\t\t\t\t\t\t<p class=\"excerpt\">\n\t\t\t\t\t\t\tD\u00e9partement du Logone et Chari, R\u00e9gion de l&#039;Extr\u00eame nord\t\t\t\t\t\t<\/p>\n\t\t\t\t\t\t\t\t\t\t\t\t\n\t\t\t\t\t\t\n\t\t\t\t\t\t<a href=\"https:\/\/prolac.cm\/en\/ova_sev\/kousseri\/\" class=\"second_font readmore\">\n\t\t\t\t\t\t\tRead More\t\t\t\t\t\t\t<i data-feather=\"arrow-right\"><\/i>\n\t\t\t\t\t\t<\/a>\n\t\t\t\t\t\t\n\t\t\t\t\t<\/div>\n\t\t\t\t\t\t\t\t\t<\/div>\n\n\t\t\t<\/div>\n\n\t\t\n\t\t\t<div class=\"items elementor-items\">\n\t\t\t\t<div class=\"wp-items\">\n\t\t\t\t\n\t\t\t\t\t\t\t\t\t<div class=\"icon\">\n\t\t\t\t\t\t<span class=\"fas fa-arrow-alt-circle-right\"><\/span>\n\t\t\t\t\t<\/div>\n\t\t\t\t\t\n\t\t\t\t\t\t\t\t\t\t\t<h3 class=\"title\">\n\t\t\t\t\t\t\t<a class=\"second_font\" href=\"https:\/\/prolac.cm\/en\/ova_sev\/logone-birni\/\">\n\t\t\t\t\t\t\t\tLogone Birni\t\t\t\t\t\t\t<\/a>\n\t\t\t\t\t\t<\/h3>\n\t\t\t\t\t\n\t\t\t\t\t<div class=\"content-sub\">\n\t\t\t\t\t\t\t\t\t\t\t\t<p class=\"excerpt\">\n\t\t\t\t\t\t\tD\u00e9partement du Logone et Chari, R\u00e9gion de l&#039;Extr\u00eame nord\t\t\t\t\t\t<\/p>\n\t\t\t\t\t\t\t\t\t\t\t\t\n\t\t\t\t\t\t\n\t\t\t\t\t\t<a href=\"https:\/\/prolac.cm\/en\/ova_sev\/logone-birni\/\" class=\"second_font readmore\">\n\t\t\t\t\t\t\tRead More\t\t\t\t\t\t\t<i data-feather=\"arrow-right\"><\/i>\n\t\t\t\t\t\t<\/a>\n\t\t\t\t\t\t\n\t\t\t\t\t<\/div>\n\t\t\t\t\t\t\t\t\t<\/div>\n\n\t\t\t<\/div>\n\n\t\t\n\t\t\t<div class=\"items elementor-items\">\n\t\t\t\t<div class=\"wp-items\">\n\t\t\t\t\n\t\t\t\t\t\t\t\t\t<div class=\"icon\">\n\t\t\t\t\t\t<span class=\"fas fa-arrow-alt-circle-right\"><\/span>\n\t\t\t\t\t<\/div>\n\t\t\t\t\t\n\t\t\t\t\t\t\t\t\t\t\t<h3 class=\"title\">\n\t\t\t\t\t\t\t<a class=\"second_font\" href=\"https:\/\/prolac.cm\/en\/ova_sev\/goulfey\/\">\n\t\t\t\t\t\t\t\tGoulfey\t\t\t\t\t\t\t<\/a>\n\t\t\t\t\t\t<\/h3>\n\t\t\t\t\t\n\t\t\t\t\t<div class=\"content-sub\">\n\t\t\t\t\t\t\t\t\t\t\t\t<p class=\"excerpt\">\n\t\t\t\t\t\t\tD\u00e9partement du Logone et Chari, R\u00e9gion de l&#039;Extr\u00eame nord\t\t\t\t\t\t<\/p>\n\t\t\t\t\t\t\t\t\t\t\t\t\n\t\t\t\t\t\t\n\t\t\t\t\t\t<a href=\"https:\/\/prolac.cm\/en\/ova_sev\/goulfey\/\" class=\"second_font readmore\">\n\t\t\t\t\t\t\tRead More\t\t\t\t\t\t\t<i data-feather=\"arrow-right\"><\/i>\n\t\t\t\t\t\t<\/a>\n\t\t\t\t\t\t\n\t\t\t\t\t<\/div>\n\t\t\t\t\t\t\t\t\t<\/div>\n\n\t\t\t<\/div>\n\n\t\t\n\t\t\t<div class=\"items elementor-items\">\n\t\t\t\t<div class=\"wp-items\">\n\t\t\t\t\n\t\t\t\t\t\t\t\t\t<div class=\"icon\">\n\t\t\t\t\t\t<span class=\"fas fa-arrow-alt-circle-right\"><\/span>\n\t\t\t\t\t<\/div>\n\t\t\t\t\t\n\t\t\t\t\t\t\t\t\t\t\t<h3 class=\"title\">\n\t\t\t\t\t\t\t<a class=\"second_font\" href=\"https:\/\/prolac.cm\/en\/ova_sev\/hile-halifa\/\">\n\t\t\t\t\t\t\t\tHil\u00e9-Halifa\t\t\t\t\t\t\t<\/a>\n\t\t\t\t\t\t<\/h3>\n\t\t\t\t\t\n\t\t\t\t\t<div class=\"content-sub\">\n\t\t\t\t\t\t\t\t\t\t\t\t<p class=\"excerpt\">\n\t\t\t\t\t\t\tD\u00e9partement du Logone et Chari, R\u00e9gion de l&#039;Extr\u00eame nord\t\t\t\t\t\t<\/p>\n\t\t\t\t\t\t\t\t\t\t\t\t\n\t\t\t\t\t\t\n\t\t\t\t\t\t<a href=\"https:\/\/prolac.cm\/en\/ova_sev\/hile-halifa\/\" class=\"second_font readmore\">\n\t\t\t\t\t\t\tRead More\t\t\t\t\t\t\t<i data-feather=\"arrow-right\"><\/i>\n\t\t\t\t\t\t<\/a>\n\t\t\t\t\t\t\n\t\t\t\t\t<\/div>\n\t\t\t\t\t\t\t\t\t<\/div>\n\n\t\t\t<\/div>\n\n\t\t\n\t\t\t<div class=\"items elementor-items\">\n\t\t\t\t<div class=\"wp-items\">\n\t\t\t\t\n\t\t\t\t\t\t\t\t\t<div class=\"icon\">\n\t\t\t\t\t\t<span class=\"fas fa-arrow-alt-circle-right\"><\/span>\n\t\t\t\t\t<\/div>\n\t\t\t\t\t\n\t\t\t\t\t\t\t\t\t\t\t<h3 class=\"title\">\n\t\t\t\t\t\t\t<a class=\"second_font\" href=\"https:\/\/prolac.cm\/en\/ova_sev\/fotokol\/\">\n\t\t\t\t\t\t\t\tFotokol\t\t\t\t\t\t\t<\/a>\n\t\t\t\t\t\t<\/h3>\n\t\t\t\t\t\n\t\t\t\t\t<div class=\"content-sub\">\n\t\t\t\t\t\t\t\t\t\t\t\t<p class=\"excerpt\">\n\t\t\t\t\t\t\tD\u00e9partement du Logone et Chari, R\u00e9gion de l&#039;Extr\u00eame nord\t\t\t\t\t\t<\/p>\n\t\t\t\t\t\t\t\t\t\t\t\t\n\t\t\t\t\t\t\n\t\t\t\t\t\t<a href=\"https:\/\/prolac.cm\/en\/ova_sev\/fotokol\/\" class=\"second_font readmore\">\n\t\t\t\t\t\t\tRead More\t\t\t\t\t\t\t<i data-feather=\"arrow-right\"><\/i>\n\t\t\t\t\t\t<\/a>\n\t\t\t\t\t\t\n\t\t\t\t\t<\/div>\n\t\t\t\t\t\t\t\t\t<\/div>\n\n\t\t\t<\/div>\n\n\t\t\n\t\t\t<div class=\"items elementor-items\">\n\t\t\t\t<div class=\"wp-items\">\n\t\t\t\t\n\t\t\t\t\t\t\t\t\t<div class=\"icon\">\n\t\t\t\t\t\t<span class=\"fas fa-arrow-alt-circle-right\"><\/span>\n\t\t\t\t\t<\/div>\n\t\t\t\t\t\n\t\t\t\t\t\t\t\t\t\t\t<h3 class=\"title\">\n\t\t\t\t\t\t\t<a class=\"second_font\" href=\"https:\/\/prolac.cm\/en\/ova_sev\/darak\/\">\n\t\t\t\t\t\t\t\tDarak\t\t\t\t\t\t\t<\/a>\n\t\t\t\t\t\t<\/h3>\n\t\t\t\t\t\n\t\t\t\t\t<div class=\"content-sub\">\n\t\t\t\t\t\t\t\t\t\t\t\t<p class=\"excerpt\">\n\t\t\t\t\t\t\tD\u00e9partement du Logone et Chari, R\u00e9gion de l&#039;Extr\u00eame nord\t\t\t\t\t\t<\/p>\n\t\t\t\t\t\t\t\t\t\t\t\t\n\t\t\t\t\t\t\n\t\t\t\t\t\t<a href=\"https:\/\/prolac.cm\/en\/ova_sev\/darak\/\" class=\"second_font readmore\">\n\t\t\t\t\t\t\tRead More\t\t\t\t\t\t\t<i data-feather=\"arrow-right\"><\/i>\n\t\t\t\t\t\t<\/a>\n\t\t\t\t\t\t\n\t\t\t\t\t<\/div>\n\t\t\t\t\t\t\t\t\t<\/div>\n\n\t\t\t<\/div>\n\n\t\t\n\t\t\t<div class=\"items elementor-items\">\n\t\t\t\t<div class=\"wp-items\">\n\t\t\t\t\n\t\t\t\t\t\t\t\t\t<div class=\"icon\">\n\t\t\t\t\t\t<span class=\"fas fa-arrow-alt-circle-right\"><\/span>\n\t\t\t\t\t<\/div>\n\t\t\t\t\t\n\t\t\t\t\t\t\t\t\t\t\t<h3 class=\"title\">\n\t\t\t\t\t\t\t<a class=\"second_font\" href=\"https:\/\/prolac.cm\/en\/ova_sev\/waza\/\">\n\t\t\t\t\t\t\t\tWaza\t\t\t\t\t\t\t<\/a>\n\t\t\t\t\t\t<\/h3>\n\t\t\t\t\t\n\t\t\t\t\t<div class=\"content-sub\">\n\t\t\t\t\t\t\t\t\t\t\t\t<p class=\"excerpt\">\n\t\t\t\t\t\t\tD\u00e9partement du Logone et Chari, R\u00e9gion de l&#039;Extr\u00eame nord\t\t\t\t\t\t<\/p>\n\t\t\t\t\t\t\t\t\t\t\t\t\n\t\t\t\t\t\t\n\t\t\t\t\t\t<a href=\"https:\/\/prolac.cm\/en\/ova_sev\/waza\/\" class=\"second_font readmore\">\n\t\t\t\t\t\t\tRead More\t\t\t\t\t\t\t<i data-feather=\"arrow-right\"><\/i>\n\t\t\t\t\t\t<\/a>\n\t\t\t\t\t\t\n\t\t\t\t\t<\/div>\n\t\t\t\t\t\t\t\t\t<\/div>\n\n\t\t\t<\/div>\n\n\t\t\n\t\t\t<div class=\"items elementor-items\">\n\t\t\t\t<div class=\"wp-items\">\n\t\t\t\t\n\t\t\t\t\t\t\t\t\t<div class=\"icon\">\n\t\t\t\t\t\t<span class=\"fas fa-arrow-alt-circle-right\"><\/span>\n\t\t\t\t\t<\/div>\n\t\t\t\t\t\n\t\t\t\t\t\t\t\t\t\t\t<h3 class=\"title\">\n\t\t\t\t\t\t\t<a class=\"second_font\" href=\"https:\/\/prolac.cm\/en\/ova_sev\/blangoua\/\">\n\t\t\t\t\t\t\t\tBlangoua\t\t\t\t\t\t\t<\/a>\n\t\t\t\t\t\t<\/h3>\n\t\t\t\t\t\n\t\t\t\t\t<div class=\"content-sub\">\n\t\t\t\t\t\t\t\t\t\t\t\t<p class=\"excerpt\">\n\t\t\t\t\t\t\tD\u00e9partement du Logone et Chari, R\u00e9gion de l&#039;Extr\u00eame nord\t\t\t\t\t\t<\/p>\n\t\t\t\t\t\t\t\t\t\t\t\t\n\t\t\t\t\t\t\n\t\t\t\t\t\t<a href=\"https:\/\/prolac.cm\/en\/ova_sev\/blangoua\/\" class=\"second_font readmore\">\n\t\t\t\t\t\t\tRead More\t\t\t\t\t\t\t<i data-feather=\"arrow-right\"><\/i>\n\t\t\t\t\t\t<\/a>\n\t\t\t\t\t\t\n\t\t\t\t\t<\/div>\n\t\t\t\t\t\t\t\t\t<\/div>\n\n\t\t\t<\/div>\n\n\t\t\n\t\t\t<div class=\"items elementor-items\">\n\t\t\t\t<div class=\"wp-items\">\n\t\t\t\t\n\t\t\t\t\t\t\t\t\t<div class=\"icon\">\n\t\t\t\t\t\t<span class=\"fas fa-arrow-alt-circle-right\"><\/span>\n\t\t\t\t\t<\/div>\n\t\t\t\t\t\n\t\t\t\t\t\t\t\t\t\t\t<h3 class=\"title\">\n\t\t\t\t\t\t\t<a class=\"second_font\" href=\"https:\/\/prolac.cm\/en\/ova_sev\/makary\/\">\n\t\t\t\t\t\t\t\tMakary\t\t\t\t\t\t\t<\/a>\n\t\t\t\t\t\t<\/h3>\n\t\t\t\t\t\n\t\t\t\t\t<div class=\"content-sub\">\n\t\t\t\t\t\t\t\t\t\t\t\t<p class=\"excerpt\">\n\t\t\t\t\t\t\tD\u00e9partement du Logone et Chari, R\u00e9gion de l&#039;Extr\u00eame nord\t\t\t\t\t\t<\/p>\n\t\t\t\t\t\t\t\t\t\t\t\t\n\t\t\t\t\t\t\n\t\t\t\t\t\t<a href=\"https:\/\/prolac.cm\/en\/ova_sev\/makary\/\" class=\"second_font readmore\">\n\t\t\t\t\t\t\tRead More\t\t\t\t\t\t\t<i data-feather=\"arrow-right\"><\/i>\n\t\t\t\t\t\t<\/a>\n\t\t\t\t\t\t\n\t\t\t\t\t<\/div>\n\t\t\t\t\t\t\t\t\t<\/div>\n\n\t\t\t<\/div>\n\n\t\t\n\t\t\t<div class=\"items elementor-items\">\n\t\t\t\t<div class=\"wp-items\">\n\t\t\t\t\n\t\t\t\t\t\t\t\t\t<div class=\"icon\">\n\t\t\t\t\t\t<span class=\"fas fa-arrow-alt-circle-right\"><\/span>\n\t\t\t\t\t<\/div>\n\t\t\t\t\t\n\t\t\t\t\t\t\t\t\t\t\t<h3 class=\"title\">\n\t\t\t\t\t\t\t<a class=\"second_font\" href=\"https:\/\/prolac.cm\/en\/ova_sev\/zina\/\">\n\t\t\t\t\t\t\t\tZina\t\t\t\t\t\t\t<\/a>\n\t\t\t\t\t\t<\/h3>\n\t\t\t\t\t\n\t\t\t\t\t<div class=\"content-sub\">\n\t\t\t\t\t\t\t\t\t\t\t\t<p class=\"excerpt\">\n\t\t\t\t\t\t\tD\u00e9partement du Logone et Chari, R\u00e9gion de l&#039;Extr\u00eame nord\t\t\t\t\t\t<\/p>\n\t\t\t\t\t\t\t\t\t\t\t\t\n\t\t\t\t\t\t\n\t\t\t\t\t\t<a href=\"https:\/\/prolac.cm\/en\/ova_sev\/zina\/\" class=\"second_font readmore\">\n\t\t\t\t\t\t\tRead More\t\t\t\t\t\t\t<i data-feather=\"arrow-right\"><\/i>\n\t\t\t\t\t\t<\/a>\n\t\t\t\t\t\t\n\t\t\t\t\t<\/div>\n\t\t\t\t\t\t\t\t\t<\/div>\n\n\t\t\t<\/div>\n\n\t\t\t\t<\/div>\n\t<\/div>\n\n\n\n<\/div>\n\n\n\t\t<\/div>\n\t\t\t\t<\/div>\n\t\t\t\t\t<\/div>\n\t\t<\/div>\n\t\t\t\t\t<\/div>\n\t\t<\/section>\n\t\t\t\t<\/div>","protected":false},"excerpt":{"rendered":"<p>Zone d&rsquo;intervention du Prolac Pour un d\u00e9veloppement durable dans le d\u00e9partement du Logone et Chari Communes de D\u00e9partement du Logone et Chari Pour un d\u00e9veloppement durable dans le d\u00e9partement du Logone et Chari Kouss\u00e9ri D\u00e9partement du Logone et Chari, R\u00e9gion de l&#039;Extr\u00eame nord Savoir plus Logone Birni D\u00e9partement du Logone et Chari, R\u00e9gion de l&#039;Extr\u00eame [&hellip;]<\/p>","protected":false},"author":1,"featured_media":6898,"parent":0,"menu_order":0,"comment_status":"closed","ping_status":"closed","template":"","meta":{"_monsterinsights_skip_tracking":false,"_monsterinsights_sitenote_active":false,"_monsterinsights_sitenote_note":"","_monsterinsights_sitenote_category":0,"footnotes":""},"class_list":["post-7129","page","type-page","status-publish","has-post-thumbnail","hentry"],"aioseo_notices":[],"_links":{"self":[{"href":"https:\/\/prolac.cm\/en\/wp-json\/wp\/v2\/pages\/7129","targetHints":{"allow":["GET"]}}],"collection":[{"href":"https:\/\/prolac.cm\/en\/wp-json\/wp\/v2\/pages"}],"about":[{"href":"https:\/\/prolac.cm\/en\/wp-json\/wp\/v2\/types\/page"}],"author":[{"embeddable":true,"href":"https:\/\/prolac.cm\/en\/wp-json\/wp\/v2\/users\/1"}],"replies":[{"embeddable":true,"href":"https:\/\/prolac.cm\/en\/wp-json\/wp\/v2\/comments?post=7129"}],"version-history":[{"count":37,"href":"https:\/\/prolac.cm\/en\/wp-json\/wp\/v2\/pages\/7129\/revisions"}],"predecessor-version":[{"id":7506,"href":"https:\/\/prolac.cm\/en\/wp-json\/wp\/v2\/pages\/7129\/revisions\/7506"}],"wp:featuredmedia":[{"embeddable":true,"href":"https:\/\/prolac.cm\/en\/wp-json\/wp\/v2\/media\/6898"}],"wp:attachment":[{"href":"https:\/\/prolac.cm\/en\/wp-json\/wp\/v2\/media?parent=7129"}],"curies":[{"name":"wp","href":"https:\/\/api.w.org\/{rel}","templated":true}]}}