{"id":7380,"date":"2024-06-24T13:05:59","date_gmt":"2024-06-24T11:05:59","guid":{"rendered":"https:\/\/prolac.cm\/site\/?page_id=7380"},"modified":"2024-06-25T16:53:55","modified_gmt":"2024-06-25T14:53:55","slug":"documents","status":"publish","type":"page","link":"https:\/\/prolac.cm\/en\/documents\/","title":{"rendered":"Documents"},"content":{"rendered":"<div data-elementor-type=\"wp-page\" data-elementor-id=\"7380\" class=\"elementor elementor-7380\" data-elementor-post-type=\"page\">\n\t\t\t\t\t\t<section class=\"elementor-section elementor-top-section elementor-element elementor-element-170c1771 elementor-section-boxed elementor-section-height-default elementor-section-height-default\" data-id=\"170c1771\" data-element_type=\"section\" data-settings=\"{&quot;background_background&quot;:&quot;classic&quot;}\">\n\t\t\t\t\t\t<div class=\"elementor-container elementor-column-gap-default\">\n\t\t\t\t\t<div class=\"elementor-column elementor-col-100 elementor-top-column elementor-element elementor-element-786fa6ac\" data-id=\"786fa6ac\" data-element_type=\"column\">\n\t\t\t<div class=\"elementor-widget-wrap elementor-element-populated\">\n\t\t\t\t\t\t<div class=\"elementor-element elementor-element-7d83b4e6 elementor-widget__width-auto elementor-widget-tablet__width-inherit elementor-widget elementor-widget-heading\" data-id=\"7d83b4e6\" data-element_type=\"widget\" data-widget_type=\"heading.default\">\n\t\t\t\t<div class=\"elementor-widget-container\">\n\t\t\t<style>\/*! elementor - v3.22.0 - 17-06-2024 *\/\n.elementor-heading-title{padding:0;margin:0;line-height:1}.elementor-widget-heading .elementor-heading-title[class*=elementor-size-]>a{color:inherit;font-size:inherit;line-height:inherit}.elementor-widget-heading .elementor-heading-title.elementor-size-small{font-size:15px}.elementor-widget-heading .elementor-heading-title.elementor-size-medium{font-size:19px}.elementor-widget-heading .elementor-heading-title.elementor-size-large{font-size:29px}.elementor-widget-heading .elementor-heading-title.elementor-size-xl{font-size:39px}.elementor-widget-heading .elementor-heading-title.elementor-size-xxl{font-size:59px}<\/style><h2 class=\"elementor-heading-title elementor-size-default\">Documents  du PROLAC<\/h2>\t\t<\/div>\n\t\t\t\t<\/div>\n\t\t\t\t<div class=\"elementor-element elementor-element-7aa2b22 egovt-p-line-height-24 elementor-widget elementor-widget-text-editor\" data-id=\"7aa2b22\" data-element_type=\"widget\" data-widget_type=\"text-editor.default\">\n\t\t\t\t<div class=\"elementor-widget-container\">\n\t\t\t<style>\/*! elementor - v3.22.0 - 17-06-2024 *\/\n.elementor-widget-text-editor.elementor-drop-cap-view-stacked .elementor-drop-cap{background-color:#69727d;color:#fff}.elementor-widget-text-editor.elementor-drop-cap-view-framed .elementor-drop-cap{color:#69727d;border:3px solid;background-color:transparent}.elementor-widget-text-editor:not(.elementor-drop-cap-view-default) .elementor-drop-cap{margin-top:8px}.elementor-widget-text-editor:not(.elementor-drop-cap-view-default) .elementor-drop-cap-letter{width:1em;height:1em}.elementor-widget-text-editor .elementor-drop-cap{float:left;text-align:center;line-height:1;font-size:50px}.elementor-widget-text-editor .elementor-drop-cap-letter{display:inline-block}<\/style>\t\t\t\t<p>For sustainable development in the Logone and Chari department<\/p>\t\t\t\t\t\t<\/div>\n\t\t\t\t<\/div>\n\t\t\t\t\t<\/div>\n\t\t<\/div>\n\t\t\t\t\t<\/div>\n\t\t<\/section>\n\t\t\t\t<section class=\"elementor-section elementor-top-section elementor-element elementor-element-9d1f473 elementor-section-boxed elementor-section-height-default elementor-section-height-default\" data-id=\"9d1f473\" data-element_type=\"section\" data-settings=\"{&quot;background_background&quot;:&quot;classic&quot;}\">\n\t\t\t\t\t\t<div class=\"elementor-container elementor-column-gap-default\">\n\t\t\t\t\t<div class=\"elementor-column elementor-col-100 elementor-top-column elementor-element elementor-element-48a8e33\" data-id=\"48a8e33\" data-element_type=\"column\">\n\t\t\t<div class=\"elementor-widget-wrap elementor-element-populated\">\n\t\t\t\t\t\t<div class=\"elementor-element elementor-element-4bd4323 elementor-widget elementor-widget-ova_doc_archive\" data-id=\"4bd4323\" data-element_type=\"widget\" data-widget_type=\"ova_doc_archive.default\">\n\t\t\t\t<div class=\"elementor-widget-container\">\n\t\t\t\n<div class=\"ova_doc_wrap archive-doc two_column\">\n\t<div class=\"ova-doc-sidebar\">\n\t\t<div class=\"ova_info\">\n\t\t\t<div class=\"ova-list-cat\">\n\t\t\t\t<p class=\"title-list-cat second_font\">Document Filter<\/p>\n\t\t\t\t<ul>\n\t\t\t\t\t<li class=\"active\">\n\t\t\t\t\t\t<a href=\"https:\/\/prolac.cm\/en\/ova_doc\/\">\n\t\t\t\t\t\t\tAll Document\t\t\t\t\t\t<\/a>\n\t\t\t\t\t<\/li>\n\t\t\t\t\t\t\t\t\t\t\t\t\t<li>\n\t\t\t\t\t\t\t\t\t<a href=\"https:\/\/prolac.cm\/en\/cat_doc\/documents\/\">\n\t\t\t\t\t\t\t\t\t\tDocuments\t\t\t\t\t\t\t\t\t<\/a>\n\t\t\t\t\t\t\t\t<\/li>\n\t\t\t\t\t\t\t\t\t<\/ul>\n\t\t\t<\/div>\n\t\t<\/div>\n\t<\/div>\n\t<div class=\"ova_doc_content\">\n\t\t<div class=\"doc-list-item\">\n\t\t\t\t\t<div class=\"items-doc\">\n\t\t\t\t<div class=\"item\">\n\t\t\t\t\t<div class=\"doc-icon-title\">\n\t\t\t\t\t\t<div class=\"icon-doc\">\n\t\t\t\t\t\t\t<i class=\"flaticon-files-1\"><\/i>\n\t\t\t\t\t\t<\/div>\n\t\t\t\t\t\t<div class=\"doc-title-item\">\n\t\t\t\t\t\t\t<h2 class=\"doc-title\">\n\t\t\t\t\t\t\t\t<a href=\"https:\/\/prolac.cm\/en\/ova_doc\/guide-doctroi-de-bourse\/\">\n\t\t\t\t\t\t\t\t\tGuide d&rsquo;octroi de bourse\t\t\t\t\t\t\t\t<\/a>\n\t\t\t\t\t\t\t<\/h2>\n\t\t\t\t\t\t\t<div class=\"doc-meta\">\n\t\t\t\t\t\t\t\t<span class=\"doc-meta-general\">\n\t\t\t\t\t\t\t\t\t25 June 2024\t\t\t\t\t\t\t\t<\/span>\n\t\t\t\t\t\t\t\t<span class=\"doc-categories\">\n\t\t\t\t\t\t\t\t\t\t\t<span class=\"separator-in doc-meta-general\">\n\t\t\t- In\t\t<\/span>\n\t\t\t\t\t\t<span class=\"cat-doc\">\n\t\t\t\t\t<a href=\"https:\/\/prolac.cm\/en\/cat_doc\/dispositif\/\">Dispositif<\/a>\n\t\t\t\t<\/span>\n\t\t\t\t<span class=\"separator\">\n\t\t\t\t\t\t\t\t\t<\/span>\n\n\t\t\t\t\t\t       \n\t\t\t\t\t\t\t    <\/span>\n\t\t\t\t\t\t\t<\/div>\n\t\t\t\t\t\t<\/div>\n\t\t\t\t\t<\/div>\n\t\t\t\t\t<div class=\"doc-readmore\">\n\t\t\t\t\t\t<a class=\"second_font\" href=\"https:\/\/prolac.cm\/en\/ova_doc\/guide-doctroi-de-bourse\/\">\n\t\t\t\t\t\t\tView Document\t\t\t\t\t\t<\/a>\n\t\t\t\t\t<\/div>\n\t\t\t\t<\/div>\n\t\t\t<\/div>\n\t\t\t\t\t<div class=\"items-doc\">\n\t\t\t\t<div class=\"item\">\n\t\t\t\t\t<div class=\"doc-icon-title\">\n\t\t\t\t\t\t<div class=\"icon-doc\">\n\t\t\t\t\t\t\t<i class=\"flaticon-files-1\"><\/i>\n\t\t\t\t\t\t<\/div>\n\t\t\t\t\t\t<div class=\"doc-title-item\">\n\t\t\t\t\t\t\t<h2 class=\"doc-title\">\n\t\t\t\t\t\t\t\t<a href=\"https:\/\/prolac.cm\/en\/ova_doc\/rapport-annuel-des-activites-de-lirad-2022\/\">\n\t\t\t\t\t\t\t\t\tRapport Annuel des Activit\u00e9s de l&rsquo;IRAD-2022\t\t\t\t\t\t\t\t<\/a>\n\t\t\t\t\t\t\t<\/h2>\n\t\t\t\t\t\t\t<div class=\"doc-meta\">\n\t\t\t\t\t\t\t\t<span class=\"doc-meta-general\">\n\t\t\t\t\t\t\t\t\t25 June 2024\t\t\t\t\t\t\t\t<\/span>\n\t\t\t\t\t\t\t\t<span class=\"doc-categories\">\n\t\t\t\t\t\t\t\t\t\t\t<span class=\"separator-in doc-meta-general\">\n\t\t\t- In\t\t<\/span>\n\t\t\t\t\t\t<span class=\"cat-doc\">\n\t\t\t\t\t<a href=\"https:\/\/prolac.cm\/en\/cat_doc\/documents\/\">Documents<\/a>\n\t\t\t\t<\/span>\n\t\t\t\t<span class=\"separator\">\n\t\t\t\t\t\t\t\t\t<\/span>\n\n\t\t\t\t\t\t       \n\t\t\t\t\t\t\t    <\/span>\n\t\t\t\t\t\t\t<\/div>\n\t\t\t\t\t\t<\/div>\n\t\t\t\t\t<\/div>\n\t\t\t\t\t<div class=\"doc-readmore\">\n\t\t\t\t\t\t<a class=\"second_font\" href=\"https:\/\/prolac.cm\/en\/ova_doc\/rapport-annuel-des-activites-de-lirad-2022\/\">\n\t\t\t\t\t\t\tView Document\t\t\t\t\t\t<\/a>\n\t\t\t\t\t<\/div>\n\t\t\t\t<\/div>\n\t\t\t<\/div>\n\t\t\t\t\t<div class=\"items-doc\">\n\t\t\t\t<div class=\"item\">\n\t\t\t\t\t<div class=\"doc-icon-title\">\n\t\t\t\t\t\t<div class=\"icon-doc\">\n\t\t\t\t\t\t\t<i class=\"flaticon-files-1\"><\/i>\n\t\t\t\t\t\t<\/div>\n\t\t\t\t\t\t<div class=\"doc-title-item\">\n\t\t\t\t\t\t\t<h2 class=\"doc-title\">\n\t\t\t\t\t\t\t\t<a href=\"https:\/\/prolac.cm\/en\/ova_doc\/rapport-de-participation-du-cameroun-au-1er-forum-international-sur-le-developpement-du-lac-tchad-abuja-du-11-au-12-avril-2024\/\">\n\t\t\t\t\t\t\t\t\tRapport de participation du Cameroun au 1er Forum International sur le D\u00e9veloppement du Lac Tchad, Abuja du 11 au 12 Avril 2024\t\t\t\t\t\t\t\t<\/a>\n\t\t\t\t\t\t\t<\/h2>\n\t\t\t\t\t\t\t<div class=\"doc-meta\">\n\t\t\t\t\t\t\t\t<span class=\"doc-meta-general\">\n\t\t\t\t\t\t\t\t\t25 June 2024\t\t\t\t\t\t\t\t<\/span>\n\t\t\t\t\t\t\t\t<span class=\"doc-categories\">\n\t\t\t\t\t\t\t\t\t\t\t<span class=\"separator-in doc-meta-general\">\n\t\t\t- In\t\t<\/span>\n\t\t\t\t\t\t<span class=\"cat-doc\">\n\t\t\t\t\t<a href=\"https:\/\/prolac.cm\/en\/cat_doc\/documents\/\">Documents<\/a>\n\t\t\t\t<\/span>\n\t\t\t\t<span class=\"separator\">\n\t\t\t\t\t\t\t\t\t<\/span>\n\n\t\t\t\t\t\t       \n\t\t\t\t\t\t\t    <\/span>\n\t\t\t\t\t\t\t<\/div>\n\t\t\t\t\t\t<\/div>\n\t\t\t\t\t<\/div>\n\t\t\t\t\t<div class=\"doc-readmore\">\n\t\t\t\t\t\t<a class=\"second_font\" href=\"https:\/\/prolac.cm\/en\/ova_doc\/rapport-de-participation-du-cameroun-au-1er-forum-international-sur-le-developpement-du-lac-tchad-abuja-du-11-au-12-avril-2024\/\">\n\t\t\t\t\t\t\tView Document\t\t\t\t\t\t<\/a>\n\t\t\t\t\t<\/div>\n\t\t\t\t<\/div>\n\t\t\t<\/div>\n\t\t\t\t\t<div class=\"items-doc\">\n\t\t\t\t<div class=\"item\">\n\t\t\t\t\t<div class=\"doc-icon-title\">\n\t\t\t\t\t\t<div class=\"icon-doc\">\n\t\t\t\t\t\t\t<i class=\"flaticon-files-1\"><\/i>\n\t\t\t\t\t\t<\/div>\n\t\t\t\t\t\t<div class=\"doc-title-item\">\n\t\t\t\t\t\t\t<h2 class=\"doc-title\">\n\t\t\t\t\t\t\t\t<a href=\"https:\/\/prolac.cm\/en\/ova_doc\/comite-de-national-de-pilotage-du-prolac\/\">\n\t\t\t\t\t\t\t\t\tComit\u00e9 de National de Pilotage du PROLAC\t\t\t\t\t\t\t\t<\/a>\n\t\t\t\t\t\t\t<\/h2>\n\t\t\t\t\t\t\t<div class=\"doc-meta\">\n\t\t\t\t\t\t\t\t<span class=\"doc-meta-general\">\n\t\t\t\t\t\t\t\t\t25 June 2024\t\t\t\t\t\t\t\t<\/span>\n\t\t\t\t\t\t\t\t<span class=\"doc-categories\">\n\t\t\t\t\t\t\t\t\t\t\t<span class=\"separator-in doc-meta-general\">\n\t\t\t- In\t\t<\/span>\n\t\t\t\t\t\t<span class=\"cat-doc\">\n\t\t\t\t\t<a href=\"https:\/\/prolac.cm\/en\/cat_doc\/documents\/\">Documents<\/a>\n\t\t\t\t<\/span>\n\t\t\t\t<span class=\"separator\">\n\t\t\t\t\t\t\t\t\t<\/span>\n\n\t\t\t\t\t\t       \n\t\t\t\t\t\t\t    <\/span>\n\t\t\t\t\t\t\t<\/div>\n\t\t\t\t\t\t<\/div>\n\t\t\t\t\t<\/div>\n\t\t\t\t\t<div class=\"doc-readmore\">\n\t\t\t\t\t\t<a class=\"second_font\" href=\"https:\/\/prolac.cm\/en\/ova_doc\/comite-de-national-de-pilotage-du-prolac\/\">\n\t\t\t\t\t\t\tView Document\t\t\t\t\t\t<\/a>\n\t\t\t\t\t<\/div>\n\t\t\t\t<\/div>\n\t\t\t<\/div>\n\t\t\t\t\t<div class=\"items-doc\">\n\t\t\t\t<div class=\"item\">\n\t\t\t\t\t<div class=\"doc-icon-title\">\n\t\t\t\t\t\t<div class=\"icon-doc\">\n\t\t\t\t\t\t\t<i class=\"flaticon-files-1\"><\/i>\n\t\t\t\t\t\t<\/div>\n\t\t\t\t\t\t<div class=\"doc-title-item\">\n\t\t\t\t\t\t\t<h2 class=\"doc-title\">\n\t\t\t\t\t\t\t\t<a href=\"https:\/\/prolac.cm\/en\/ova_doc\/arrete-portant-creation-organisation-et-fonctionnement-du-prolac\/\">\n\t\t\t\t\t\t\t\t\tArr\u00eat\u00e9 portant cr\u00e9ation, organisation et fonctionnement du PROLAC\t\t\t\t\t\t\t\t<\/a>\n\t\t\t\t\t\t\t<\/h2>\n\t\t\t\t\t\t\t<div class=\"doc-meta\">\n\t\t\t\t\t\t\t\t<span class=\"doc-meta-general\">\n\t\t\t\t\t\t\t\t\t25 June 2024\t\t\t\t\t\t\t\t<\/span>\n\t\t\t\t\t\t\t\t<span class=\"doc-categories\">\n\t\t\t\t\t\t\t\t\t\t\t<span class=\"separator-in doc-meta-general\">\n\t\t\t- In\t\t<\/span>\n\t\t\t\t\t\t<span class=\"cat-doc\">\n\t\t\t\t\t<a href=\"https:\/\/prolac.cm\/en\/cat_doc\/documents\/\">Documents<\/a>\n\t\t\t\t<\/span>\n\t\t\t\t<span class=\"separator\">\n\t\t\t\t\t\t\t\t\t<\/span>\n\n\t\t\t\t\t\t       \n\t\t\t\t\t\t\t    <\/span>\n\t\t\t\t\t\t\t<\/div>\n\t\t\t\t\t\t<\/div>\n\t\t\t\t\t<\/div>\n\t\t\t\t\t<div class=\"doc-readmore\">\n\t\t\t\t\t\t<a class=\"second_font\" href=\"https:\/\/prolac.cm\/en\/ova_doc\/arrete-portant-creation-organisation-et-fonctionnement-du-prolac\/\">\n\t\t\t\t\t\t\tView Document\t\t\t\t\t\t<\/a>\n\t\t\t\t\t<\/div>\n\t\t\t\t<\/div>\n\t\t\t<\/div>\n\t\t\t\t\t<div class=\"items-doc\">\n\t\t\t\t<div class=\"item\">\n\t\t\t\t\t<div class=\"doc-icon-title\">\n\t\t\t\t\t\t<div class=\"icon-doc\">\n\t\t\t\t\t\t\t<i class=\"flaticon-files-1\"><\/i>\n\t\t\t\t\t\t<\/div>\n\t\t\t\t\t\t<div class=\"doc-title-item\">\n\t\t\t\t\t\t\t<h2 class=\"doc-title\">\n\t\t\t\t\t\t\t\t<a href=\"https:\/\/prolac.cm\/en\/ova_doc\/rapport-de-participation-du-cameroun-au-deuxieme-forum-international-sur-le-developpement-du-lac-tchad-niamey-du-23-au-25-mai-2023\/\">\n\t\t\t\t\t\t\t\t\tRapport de participation du Cameroun au 2e Forum International sur le D\u00e9veloppement du Lac Tchad- Niamey, du 23 au 25 Mai 2023\t\t\t\t\t\t\t\t<\/a>\n\t\t\t\t\t\t\t<\/h2>\n\t\t\t\t\t\t\t<div class=\"doc-meta\">\n\t\t\t\t\t\t\t\t<span class=\"doc-meta-general\">\n\t\t\t\t\t\t\t\t\t25 June 2024\t\t\t\t\t\t\t\t<\/span>\n\t\t\t\t\t\t\t\t<span class=\"doc-categories\">\n\t\t\t\t\t\t\t\t\t\t\t<span class=\"separator-in doc-meta-general\">\n\t\t\t- In\t\t<\/span>\n\t\t\t\t\t\t<span class=\"cat-doc\">\n\t\t\t\t\t<a href=\"https:\/\/prolac.cm\/en\/cat_doc\/documents\/\">Documents<\/a>\n\t\t\t\t<\/span>\n\t\t\t\t<span class=\"separator\">\n\t\t\t\t\t\t\t\t\t<\/span>\n\n\t\t\t\t\t\t       \n\t\t\t\t\t\t\t    <\/span>\n\t\t\t\t\t\t\t<\/div>\n\t\t\t\t\t\t<\/div>\n\t\t\t\t\t<\/div>\n\t\t\t\t\t<div class=\"doc-readmore\">\n\t\t\t\t\t\t<a class=\"second_font\" href=\"https:\/\/prolac.cm\/en\/ova_doc\/rapport-de-participation-du-cameroun-au-deuxieme-forum-international-sur-le-developpement-du-lac-tchad-niamey-du-23-au-25-mai-2023\/\">\n\t\t\t\t\t\t\tView Document\t\t\t\t\t\t<\/a>\n\t\t\t\t\t<\/div>\n\t\t\t\t<\/div>\n\t\t\t<\/div>\n\t\t\t\t<\/div>\n\t<\/div>\n<\/div>\t\t<\/div>\n\t\t\t\t<\/div>\n\t\t\t\t\t<\/div>\n\t\t<\/div>\n\t\t\t\t\t<\/div>\n\t\t<\/section>\n\t\t\t\t<\/div>","protected":false},"excerpt":{"rendered":"<p>Documents du PROLAC Pour un d\u00e9veloppement durable dans le d\u00e9partement du Logone et Chari Document Filter All Document Documents Rapport de participation du Cameroun au 1er Forum International sur le D\u00e9veloppement du Lac Tchad, Abuja du 11 au 12 Avril 2024 25 juin 2024 &#8211; De Documents Consulter Comit\u00e9 de National de Pilotage du PROLAC [&hellip;]<\/p>","protected":false},"author":1,"featured_media":6898,"parent":0,"menu_order":0,"comment_status":"closed","ping_status":"closed","template":"","meta":{"_monsterinsights_skip_tracking":false,"_monsterinsights_sitenote_active":false,"_monsterinsights_sitenote_note":"","_monsterinsights_sitenote_category":0,"footnotes":""},"class_list":["post-7380","page","type-page","status-publish","has-post-thumbnail","hentry"],"aioseo_notices":[],"_links":{"self":[{"href":"https:\/\/prolac.cm\/en\/wp-json\/wp\/v2\/pages\/7380","targetHints":{"allow":["GET"]}}],"collection":[{"href":"https:\/\/prolac.cm\/en\/wp-json\/wp\/v2\/pages"}],"about":[{"href":"https:\/\/prolac.cm\/en\/wp-json\/wp\/v2\/types\/page"}],"author":[{"embeddable":true,"href":"https:\/\/prolac.cm\/en\/wp-json\/wp\/v2\/users\/1"}],"replies":[{"embeddable":true,"href":"https:\/\/prolac.cm\/en\/wp-json\/wp\/v2\/comments?post=7380"}],"version-history":[{"count":7,"href":"https:\/\/prolac.cm\/en\/wp-json\/wp\/v2\/pages\/7380\/revisions"}],"predecessor-version":[{"id":7622,"href":"https:\/\/prolac.cm\/en\/wp-json\/wp\/v2\/pages\/7380\/revisions\/7622"}],"wp:featuredmedia":[{"embeddable":true,"href":"https:\/\/prolac.cm\/en\/wp-json\/wp\/v2\/media\/6898"}],"wp:attachment":[{"href":"https:\/\/prolac.cm\/en\/wp-json\/wp\/v2\/media?parent=7380"}],"curies":[{"name":"wp","href":"https:\/\/api.w.org\/{rel}","templated":true}]}}